{"id":10,"date":"2022-05-10T10:24:44","date_gmt":"2022-05-10T08:24:44","guid":{"rendered":"http:\/\/de-le-court.local\/?page_id=10"},"modified":"2026-04-01T10:09:00","modified_gmt":"2026-04-01T08:09:00","slug":"accueil","status":"publish","type":"page","link":"https:\/\/dlctax.ch\/en\/","title":{"rendered":"Your taxes, an asset to be managed"},"content":{"rendered":"<p>What is the most suitable tax solution for your situation?<\/p>\n\n\n\n<p>Why pay a tax that is not due: for almost 20 years, this reflection has fuelled our activity as experts in tax law.<\/p>\n\n\n\n<p>You will find a listening ear and bespoke solutions with us, meeting your needs, however complex.<\/p>\n\n\n\n<p>Your interest is at the heart of our business. <\/p>","protected":false},"excerpt":{"rendered":"<p>Quelle est la solution fiscale la plus adapt\u00e9e \u00e0 votre situation? Pourquoi payer un imp\u00f4t qui n&rsquo;est pas d\u00fb : depuis pr\u00e8s de 20 ans, cette r\u00e9flexion nourrit notre activit\u00e9 d&rsquo;expert du droit fiscal. Vous trouverez chez nous une \u00e9coute et des solutions sur mesure, r\u00e9pondant \u00e0 vos besoins m\u00eame les plus complexes. Votre int\u00e9r\u00eat [&hellip;]<\/p>\n","protected":false},"author":1,"featured_media":73,"parent":0,"menu_order":0,"comment_status":"closed","ping_status":"closed","template":"","meta":{"_acf_changed":false,"footnotes":""},"class_list":["post-10","page","type-page","status-publish","has-post-thumbnail","hentry"],"acf":[],"_links":{"self":[{"href":"https:\/\/dlctax.ch\/en\/wp-json\/wp\/v2\/pages\/10","targetHints":{"allow":["GET"]}}],"collection":[{"href":"https:\/\/dlctax.ch\/en\/wp-json\/wp\/v2\/pages"}],"about":[{"href":"https:\/\/dlctax.ch\/en\/wp-json\/wp\/v2\/types\/page"}],"author":[{"embeddable":true,"href":"https:\/\/dlctax.ch\/en\/wp-json\/wp\/v2\/users\/1"}],"replies":[{"embeddable":true,"href":"https:\/\/dlctax.ch\/en\/wp-json\/wp\/v2\/comments?post=10"}],"version-history":[{"count":9,"href":"https:\/\/dlctax.ch\/en\/wp-json\/wp\/v2\/pages\/10\/revisions"}],"predecessor-version":[{"id":79,"href":"https:\/\/dlctax.ch\/en\/wp-json\/wp\/v2\/pages\/10\/revisions\/79"}],"wp:featuredmedia":[{"embeddable":true,"href":"https:\/\/dlctax.ch\/en\/wp-json\/wp\/v2\/media\/73"}],"wp:attachment":[{"href":"https:\/\/dlctax.ch\/en\/wp-json\/wp\/v2\/media?parent=10"}],"curies":[{"name":"wp","href":"https:\/\/api.w.org\/{rel}","templated":true}]}}