{"id":90,"date":"2026-04-01T11:21:04","date_gmt":"2026-04-01T09:21:04","guid":{"rendered":"https:\/\/hawai.li\/de-le-court\/?page_id=90"},"modified":"2026-04-13T18:15:26","modified_gmt":"2026-04-13T16:15:26","slug":"publications-et-conferences","status":"publish","type":"page","link":"https:\/\/dlctax.ch\/de\/publications-et-conferences\/","title":{"rendered":"Publikationen und Konferenzen"},"content":{"rendered":"<p><strong>Publications<\/strong><\/p>\n\n\n\n<p>\u00e0 para\u00eetre &#8211; <em><strong>R\u00e9flexions sur l&rsquo;arr\u00eat du TF 9C_286\/2024, du 1er octobre 2025<\/strong><\/em><\/p>\n\n\n\n<p>Novit\u00e0 fiscali, Manno (TI)<\/p>\n\n\n\n<p>Petit commentaire d&rsquo;arr\u00eat sur la d\u00e9ductibilit\u00e9 de la contribution d&rsquo;entretien pay\u00e9e sur un compte joint.<\/p>\n\n\n\n<p><em><strong>La requalification du gain en capital de la fortune priv\u00e9e en revenu imposable<\/strong><\/em><\/p>\n\n\n\n<p>Novit\u00e0 fiscali, Manno (TI) \u00b7 30 mai 2025<\/p>\n\n\n\n<p>Article couvrant divers arr\u00eats du tribunal f\u00e9d\u00e9ral suisse dans lesquels un gain en capital de la fortune priv\u00e9e, franc d&rsquo;imp\u00f4t sur le revenu &#8211; est requalifi\u00e9 &#8211; ou non &#8211; en revenu imposable (rendement de fortune, revenu d&rsquo;activit\u00e9 lucrative d\u00e9pendante ou ind\u00e9pendante).<\/p>\n\n\n\n<p><em><strong>La fiduciaire et l&rsquo;avocat-fiscaliste<\/strong><\/em><\/p>\n\n\n\n<p>LawyersNow, Luxembourg \u00b7 8 juil. 2024<\/p>\n\n\n\n<p>Cette contribution pr\u00e9sente le m\u00e9tier d&rsquo;avocat-fiscaliste, \u00e9num\u00e8re les distinctions par rapport \u00e0 une fiduciaire et conclut que l&rsquo;avocat-fiscaliste et la fiduciaire sont proches dans leurs m\u00e9tiers respectifs, mais pas identiques, et surtout compl\u00e9mentaires.<\/p>\n\n\n\n<p><em><strong>Imposition d&rsquo;apr\u00e8s la d\u00e9pense &#8211; Effets de la r\u00e9forme du 28 septembre 2012 pleinement entr\u00e9e en vigueur au 1er janvier 2021<\/strong><\/em><\/p>\n\n\n\n<p>Revue internationale du patrimoine \u00b7 11 sept. 2023<\/p>\n\n\n\n<p>L&rsquo;article a pour objet la r\u00e9forme du 28 septembre 2012 sur l&rsquo;imposition d&rsquo;apr\u00e8s la d\u00e9pense. Sont notamment pr\u00e9sent\u00e9s les diff\u00e9rents tours de vis qui ont \u00e9t\u00e9 introduits par le Conseil f\u00e9d\u00e9ral et comment ces modifications ont pu toucher la situation fiscale d&rsquo;un grand nombre de contribuables b\u00e9n\u00e9ficiant de ce r\u00e9gime d&rsquo;imposition.<\/p>\n\n\n\n<p><em><strong>Quelles particularit\u00e9s fiscales pour la transmission de la demeure historique?<\/strong><\/em><\/p>\n\n\n\n<p>Domus Antiqua Helvetica &#8211; Gen\u00e8ve \u00b7 1 d\u00e9c. 2017<\/p>\n\n\n\n<p>La transmission d&rsquo;un bien immobilier entra\u00eene diverses cons\u00e9quences fiscales selon l&rsquo;ordre juridique suisse. La transmission d&rsquo;une demeure historique n&rsquo;\u00e9chappe pas \u00e0 cette r\u00e8gle g\u00e9n\u00e9rale. Cette contribution s&rsquo;int\u00e8gre dans un cadre plus g\u00e9n\u00e9ral de toutes les questions relatives \u00e0 la transmission de la demeure historique, y compris et surtout les \u00e9l\u00e9ments non fiscaux.<\/p>\n\n\n\n<p><em><strong>Administration et direction effectives<\/strong><\/em><\/p>\n\n\n\n<p>Steuer Revue\/ Revue fiscale \u00b7 1 mai 2016<\/p>\n\n\n\n<p>Cette contribution pr\u00e9sente la notion de l&rsquo; \u00ab\u00a0administration effective\u00a0\u00bb (ou de la \u00ab\u00a0direction effective\u00a0\u00bb) en d\u00e9crivant les sources l\u00e9gales, leur port\u00e9e, leur interpr\u00e9tation et une r\u00e9flexion sur cette m\u00eame interpr\u00e9tation.<\/p>\n\n\n\n<p><em><strong>R\u00e9partition intercantonale et internationale pour les personnes physiques, th\u00e8mes choisis<\/strong><\/em><\/p>\n\n\n\n<p>Steuer Revue\/ Revue fiscale \u00b7 1 d\u00e9c. 2012<\/p>\n\n\n\n<p>Cette contribution analyse diff\u00e9rents aspects relatifs aux r\u00e9partitions des facteurs d&rsquo;imposition entre les diff\u00e9rentes juridictions, soit au niveau intercantonal, soit au niveau international.<\/p>\n\n\n\n<p><em><strong>Questions d&rsquo;\u00e9valuation pour l&rsquo;imp\u00f4t sur la fortune des personnes physiques<\/strong><\/em><\/p>\n\n\n\n<p>Steuer Revue\/ Revue fiscale \u00b7 1 d\u00e9c. 2011<\/p>\n\n\n\n<p>Deux probl\u00e9matiques sont analys\u00e9es dans cet article dont le th\u00e8me principal sous-jacent est l&rsquo;imp\u00f4t sur la fortune : la valorisation des immeubles situ\u00e9s hors de suisse et celle des oeuvres d&rsquo;art.<\/p>\n\n\n\n<p><em><strong>Frais de perfectionnement : \u00e9tat des lieux en Suisse romande \u00e0 l&rsquo;aube d&rsquo;une prochaine r\u00e9forme l\u00e9gislative<\/strong><\/em><\/p>\n\n\n\n<p>Steuer Revue\/ Revue fiscale \u00b7 1 avr. 2011<\/p>\n\n\n\n<p>Les bases l\u00e9gales objet de cet article ont \u00e9t\u00e9 abrog\u00e9es, de sorte que cette contribution a perdu tout int\u00e9r\u00eat, sauf pour les historiens de la fiscalit\u00e9&#8230;<\/p>\n\n\n\n<p><strong>Conf\u00e9rences<\/strong><\/p>\n\n\n\n<p>\u00e0 venir &#8211; <em><strong>Revue de jurisprudence r\u00e9cente dans le domaine de la fiscalit\u00e9 des PME<\/strong><\/em><\/p>\n\n\n\n<p>Journ\u00e9e de la fiscalit\u00e9 des PME &#8211; Universit\u00e9 de Neuch\u00e2tel et Haute Ecole ARC \u00b7 7 mai 2026<\/p>\n\n\n\n<p>Pr\u00e9sentation de la jurisprudence en mati\u00e8re de fiscalit\u00e9 des PME et de leurs propri\u00e9taires<\/p>\n\n\n\n<p><em><strong>Conf\u00e9rence &#8211; Pourquoi \u00e9migrer en Suisse, pourquoi la quitter?<\/strong><\/em><\/p>\n\n\n\n<p>ECOFIN club &#8211; Lausanne \u00b7 10 oct. 2025<\/p>\n\n\n\n<p>Conf\u00e9rence sur les avantages (fiscaux) d&rsquo;un HNWI ou UHNWI \u00e0 s&rsquo;\u00e9tablir en Suisse et sur les raisons (\u00e9ventuelles) de la quitter pour d&rsquo;autres cieux fiscaux.<\/p>\n\n\n\n<p><em><strong>Fiscalit\u00e9 de la demeure historique dans le canton de Vaud<\/strong><\/em><\/p>\n\n\n\n<p>direction du registre foncier vaudois \u00b7 5 d\u00e9c. 2024<\/p>\n\n\n\n<p>Conf\u00e9rence <em>workshop<\/em> organis\u00e9e par la direction du registre foncier vaudois pour la direction du registre foncier vaudois, les pr\u00e9pos\u00e9s aux registres fonciers et aux pr\u00e9pos\u00e9s adjoints, avec un expert en estimation immobili\u00e8re et une historienne de l&rsquo;art.<\/p>\n\n\n\n<p><em><strong>Fiscalit\u00e9 de la demeure historique<\/strong><\/em><\/p>\n\n\n\n<p>USECE\/ SKVG &#8211; assembl\u00e9e g\u00e9n\u00e9rale, Lausanne \u00b7 17 oct. 2024<\/p>\n\n\n\n<p>Conf\u00e9rence donn\u00e9e aux fonctionnaires en charge de l&rsquo;\u00e9tablissement des estimations fiscales\/ valeurs officielles\/ estimation cadastrale des immeubles et venant de toute la Suisse, avec un expert en estimation immobili\u00e8re et une historienne de l&rsquo;art.<\/p>\n\n\n\n<p><em><strong>Fiscalit\u00e9 et pr\u00e9voyance<\/strong><\/em><\/p>\n\n\n\n<p>Pensexpert &#8211; Lausanne \u00b7 12 sept. 2024<\/p>\n\n\n\n<p>Conf\u00e9rence sur les liens entre la fiscalit\u00e9 et la pr\u00e9voyance professionnelle (pilier 2 et pilier 3a) et la constitution d&rsquo;un patrimoine. Analyse comparative entre divers politique de distribution de profits (salaire ou dividende), selon la structure organisationnelle choisie (en soci\u00e9t\u00e9 ou ind\u00e9pendant).<\/p>\n\n\n\n<p><em><strong>L&rsquo;installation en Suisse<\/strong><\/em><\/p>\n\n\n\n<p>Estate Planning Skill Group, Malines (Belgique) \u00b7 10 juin 2022<\/p>\n\n\n\n<p>Conf\u00e9rence sur la d\u00e9localisation en Suisse comme outil de planification familiale et patrimoniale et pr\u00e9sentation du syst\u00e8me fiscal suisse, lors de l&rsquo;assembl\u00e9e g\u00e9n\u00e9rale 2022 de l&rsquo;EPSG, \u00e0 Malines (Belgique).<\/p>\n\n\n\n<p><em><strong>Nouveaut\u00e9s en mati\u00e8re de fiscalit\u00e9 immobili\u00e8re<\/strong><\/em><\/p>\n\n\n\n<p>Domus Antiqua Helvetica, section Gen\u00e8ve, Gen\u00e8ve \u00b7 juin 2019<\/p>\n\n\n\n<p>Conf\u00e9rence sur les changements l\u00e9gislatifs r\u00e9cents et \u00e0 venir en mati\u00e8re de fiscalit\u00e9 immobili\u00e8re, lors de l&rsquo;assembl\u00e9e g\u00e9n\u00e9rale 2019 de DAH-GE.<\/p>\n\n\n\n<p><em><strong>La propri\u00e9t\u00e9 des demeures historiques (occup\u00e9es par leurs propri\u00e9taires) et l&rsquo;imp\u00f4t sur le revenu<\/strong><\/em><\/p>\n\n\n\n<p>Domus Antiqua Helvetica, section Vaud, Morges \u00b7 2018<\/p>\n\n\n\n<p>Conf\u00e9rence sur l&rsquo;imp\u00f4t sur le revenu (valeur locative et frais d&rsquo;entretien) donn\u00e9e lors de l&rsquo;assembl\u00e9e g\u00e9n\u00e9rale 2018 de DAH-VD.<\/p>\n\n\n\n<p><em><strong>Sharing tax information &#8211; a Swiss view: sharing or not sharing?<\/strong><\/em><\/p>\n\n\n\n<p>Macfarlanes, Londres (Royaume-Uni) \u00b7 2017<\/p>\n\n\n\n<p>Conf\u00e9rence en anglais lors d&rsquo;un colloque organis\u00e9 par l&rsquo;\u00e9tude Macfarlanes \u00e0 Londres pour ses correspondants <em>Private Clients<\/em>. Pr\u00e9sentation du secret fiscal suisse et des changements avec l&rsquo;\u00e9change international d&rsquo;informations fiscales.<\/p>","protected":false},"excerpt":{"rendered":"<p>Publications \u00e0 para\u00eetre &#8211; R\u00e9flexions sur l&rsquo;arr\u00eat du TF 9C_286\/2024, du 1er octobre 2025 Novit\u00e0 fiscali, Manno (TI) Petit commentaire d&rsquo;arr\u00eat sur la d\u00e9ductibilit\u00e9 de la contribution d&rsquo;entretien pay\u00e9e sur un compte joint. La requalification du gain en capital de la fortune priv\u00e9e en revenu imposable Novit\u00e0 fiscali, Manno (TI) \u00b7 30 mai 2025 Article [&hellip;]<\/p>\n","protected":false},"author":3,"featured_media":0,"parent":0,"menu_order":0,"comment_status":"closed","ping_status":"closed","template":"","meta":{"_acf_changed":false,"footnotes":""},"class_list":["post-90","page","type-page","status-publish","hentry"],"acf":[],"_links":{"self":[{"href":"https:\/\/dlctax.ch\/de\/wp-json\/wp\/v2\/pages\/90","targetHints":{"allow":["GET"]}}],"collection":[{"href":"https:\/\/dlctax.ch\/de\/wp-json\/wp\/v2\/pages"}],"about":[{"href":"https:\/\/dlctax.ch\/de\/wp-json\/wp\/v2\/types\/page"}],"author":[{"embeddable":true,"href":"https:\/\/dlctax.ch\/de\/wp-json\/wp\/v2\/users\/3"}],"replies":[{"embeddable":true,"href":"https:\/\/dlctax.ch\/de\/wp-json\/wp\/v2\/comments?post=90"}],"version-history":[{"count":6,"href":"https:\/\/dlctax.ch\/de\/wp-json\/wp\/v2\/pages\/90\/revisions"}],"predecessor-version":[{"id":410,"href":"https:\/\/dlctax.ch\/de\/wp-json\/wp\/v2\/pages\/90\/revisions\/410"}],"wp:attachment":[{"href":"https:\/\/dlctax.ch\/de\/wp-json\/wp\/v2\/media?parent=90"}],"curies":[{"name":"wp","href":"https:\/\/api.w.org\/{rel}","templated":true}]}}