{"id":62,"date":"2024-03-14T11:33:10","date_gmt":"2024-03-14T09:33:10","guid":{"rendered":"https:\/\/hawai.li\/de-le-court\/?page_id=62"},"modified":"2026-04-13T18:14:37","modified_gmt":"2026-04-13T16:14:37","slug":"services","status":"publish","type":"page","link":"https:\/\/dlctax.ch\/de\/services\/","title":{"rendered":"Dienstleistungen"},"content":{"rendered":"<p>L&rsquo;\u00e9tude offre une large gamme de service dans le domaine de la fiscalit\u00e9.<\/p>\n\n\n\n<div data-wp-context=\"{ &quot;autoclose&quot;: false, &quot;accordionItems&quot;: [] }\" data-wp-interactive=\"core\/accordion\" role=\"group\" class=\"wp-block-accordion is-layout-flow wp-block-accordion-is-layout-flow\">\n<div data-wp-class--is-open=\"state.isOpen\" data-wp-context=\"{ &quot;id&quot;: &quot;accordion-item-1&quot;, &quot;openByDefault&quot;: false }\" data-wp-init=\"callbacks.initAccordionItems\" data-wp-on-window--hashchange=\"callbacks.hashChange\" class=\"wp-block-accordion-item is-layout-flow wp-block-accordion-item-is-layout-flow\">\n<h3 class=\"wp-block-accordion-heading\"><button aria-expanded=\"false\" aria-controls=\"accordion-item-1-panel\" data-wp-bind--aria-expanded=\"state.isOpen\" data-wp-on--click=\"actions.toggle\" data-wp-on--keydown=\"actions.handleKeyDown\" id=\"accordion-item-1\" type=\"button\" class=\"wp-block-accordion-heading__toggle\"><span class=\"wp-block-accordion-heading__toggle-title\">fiscalit\u00e9 des <em>private clients<\/em><\/span><span class=\"wp-block-accordion-heading__toggle-icon\" aria-hidden=\"true\">+<\/span><\/button><\/h3>\n\n\n\n<div inert aria-labelledby=\"accordion-item-1\" data-wp-bind--inert=\"!state.isOpen\" id=\"accordion-item-1-panel\" role=\"region\" class=\"wp-block-accordion-panel is-layout-flow wp-block-accordion-panel-is-layout-flow\">\n<div class=\"wp-block-group\"><div class=\"wp-block-group__inner-container is-layout-constrained wp-block-group-is-layout-constrained\">\n<ul class=\"wp-block-list\">\n<li>planification fiscale de l\u2019arriv\u00e9e en Suisse, restructuration du patrimoine avant d\u00e9localisation en Suisse, n\u00e9gociation avec les autorit\u00e9s du forfait fiscal ou de la taxation ordinaire<\/li>\n\n\n\n<li>\u00e9tablissement des d\u00e9clarations fiscales<\/li>\n\n\n\n<li>conseil fiscal en lien avec de nouveaux investissements (structuration, cons\u00e9quences fiscales etc.) ou en cas de changement familial (mariage, divorce, concubinage, naissance d\u2019enfants, succession)<\/li>\n\n\n\n<li>planification fiscale de la transmission patrimoniale (donation et succession)<\/li>\n\n\n\n<li>conseil fiscal du m\u00e9c\u00e9nat et des <em>charities<\/em><\/li>\n\n\n\n<li>analyse des risques fiscaux et proposition de solutions<\/li>\n\n\n\n<li>planification fiscale du d\u00e9part de Suisse<\/li>\n<\/ul>\n<\/div><\/div>\n<\/div>\n<\/div>\n<\/div>\n\n\n\n<div data-wp-context=\"{ &quot;autoclose&quot;: false, &quot;accordionItems&quot;: [] }\" data-wp-interactive=\"core\/accordion\" role=\"group\" class=\"wp-block-accordion is-layout-flow wp-block-accordion-is-layout-flow\">\n<div data-wp-class--is-open=\"state.isOpen\" data-wp-context=\"{ &quot;id&quot;: &quot;accordion-item-2&quot;, &quot;openByDefault&quot;: false }\" data-wp-init=\"callbacks.initAccordionItems\" data-wp-on-window--hashchange=\"callbacks.hashChange\" class=\"wp-block-accordion-item is-layout-flow wp-block-accordion-item-is-layout-flow\">\n<h3 class=\"wp-block-accordion-heading\"><button aria-expanded=\"false\" aria-controls=\"accordion-item-2-panel\" data-wp-bind--aria-expanded=\"state.isOpen\" data-wp-on--click=\"actions.toggle\" data-wp-on--keydown=\"actions.handleKeyDown\" id=\"accordion-item-2\" type=\"button\" class=\"wp-block-accordion-heading__toggle\"><span class=\"wp-block-accordion-heading__toggle-title\">fiscalit\u00e9 du patrimoine<\/span><span class=\"wp-block-accordion-heading__toggle-icon\" aria-hidden=\"true\">+<\/span><\/button><\/h3>\n\n\n\n<div inert aria-labelledby=\"accordion-item-2\" data-wp-bind--inert=\"!state.isOpen\" id=\"accordion-item-2-panel\" role=\"region\" class=\"wp-block-accordion-panel is-layout-flow wp-block-accordion-panel-is-layout-flow\">\n<ul class=\"wp-block-list\">\n<li>conseil fiscal sur l\u2019acquisition, le financement, la structuration de la d\u00e9tention et la vente de biens immobiliers, y compris les immeubles historiques<\/li>\n\n\n\n<li>fiscalit\u00e9 des <em>trusts<\/em>, du <em>settlor<\/em> et des b\u00e9n\u00e9ficiaires<\/li>\n\n\n\n<li>conseil fiscal sur l\u2019acquisition, le financement, la structuration de la d\u00e9tention et la vente d\u2019\u0153uvres d\u2019art, de collections automobiles, de yacht et d\u2019avion<\/li>\n\n\n\n<li>conseil fiscal sur l\u2019acquisition, le financement, la structuration de la d\u00e9tention et la vente d\u2019investissements financiers (produits financiers, prises de participation dans des soci\u00e9t\u00e9s non cot\u00e9es etc.)<\/li>\n\n\n\n<li>fiscalit\u00e9 de l\u2019assurance-vie<\/li>\n\n\n\n<li>conseil fiscal sur la constitution et la gestion d\u2019un holding familial, mise en place de holdings d\u2019h\u00e9ritiers<\/li>\n<\/ul>\n<\/div>\n<\/div>\n<\/div>\n\n\n\n<div data-wp-context=\"{ &quot;autoclose&quot;: false, &quot;accordionItems&quot;: [] }\" data-wp-interactive=\"core\/accordion\" role=\"group\" class=\"wp-block-accordion is-layout-flow wp-block-accordion-is-layout-flow\">\n<div data-wp-class--is-open=\"state.isOpen\" data-wp-context=\"{ &quot;id&quot;: &quot;accordion-item-3&quot;, &quot;openByDefault&quot;: false }\" data-wp-init=\"callbacks.initAccordionItems\" data-wp-on-window--hashchange=\"callbacks.hashChange\" class=\"wp-block-accordion-item is-layout-flow wp-block-accordion-item-is-layout-flow\">\n<h3 class=\"wp-block-accordion-heading\"><button aria-expanded=\"false\" aria-controls=\"accordion-item-3-panel\" data-wp-bind--aria-expanded=\"state.isOpen\" data-wp-on--click=\"actions.toggle\" data-wp-on--keydown=\"actions.handleKeyDown\" id=\"accordion-item-3\" type=\"button\" class=\"wp-block-accordion-heading__toggle\"><span class=\"wp-block-accordion-heading__toggle-title\">fiscalit\u00e9 des entrepreneurs, des dirigeants d\u2019entreprises et des cadres<\/span><span class=\"wp-block-accordion-heading__toggle-icon\" aria-hidden=\"true\">+<\/span><\/button><\/h3>\n\n\n\n<div inert aria-labelledby=\"accordion-item-3\" data-wp-bind--inert=\"!state.isOpen\" id=\"accordion-item-3-panel\" role=\"region\" class=\"wp-block-accordion-panel is-layout-flow wp-block-accordion-panel-is-layout-flow\">\n<ul class=\"wp-block-list\">\n<li>planification fiscale lors de la cr\u00e9ation d\u2019entreprises, sur le choix juridique (soci\u00e9t\u00e9 de capitaux ou soci\u00e9t\u00e9 de personnes) de la structure<\/li>\n\n\n\n<li>mise en place du syst\u00e8me de r\u00e9mun\u00e9ration fiscalement optimis\u00e9 entre salaire et dividende<\/li>\n\n\n\n<li>revue et mise en place d\u2019un plan de pr\u00e9voyance professionnel (LPP) optimis\u00e9<\/li>\n\n\n\n<li>cr\u00e9ation et revue de plans de participation de collaborateurs<\/li>\n\n\n\n<li>conseil fiscal des soci\u00e9t\u00e9s de personnes, y compris le traitement fiscal suisse des entit\u00e9s \u00e9trang\u00e8res<\/li>\n<\/ul>\n<\/div>\n<\/div>\n<\/div>\n\n\n\n<div data-wp-context=\"{ &quot;autoclose&quot;: false, &quot;accordionItems&quot;: [] }\" data-wp-interactive=\"core\/accordion\" role=\"group\" class=\"wp-block-accordion is-layout-flow wp-block-accordion-is-layout-flow\">\n<div data-wp-class--is-open=\"state.isOpen\" data-wp-context=\"{ &quot;id&quot;: &quot;accordion-item-4&quot;, &quot;openByDefault&quot;: false }\" data-wp-init=\"callbacks.initAccordionItems\" data-wp-on-window--hashchange=\"callbacks.hashChange\" class=\"wp-block-accordion-item is-layout-flow wp-block-accordion-item-is-layout-flow\">\n<h3 class=\"wp-block-accordion-heading\"><button aria-expanded=\"false\" aria-controls=\"accordion-item-4-panel\" data-wp-bind--aria-expanded=\"state.isOpen\" data-wp-on--click=\"actions.toggle\" data-wp-on--keydown=\"actions.handleKeyDown\" id=\"accordion-item-4\" type=\"button\" class=\"wp-block-accordion-heading__toggle\"><span class=\"wp-block-accordion-heading__toggle-title\">fiscalit\u00e9 des entreprises<\/span><span class=\"wp-block-accordion-heading__toggle-icon\" aria-hidden=\"true\">+<\/span><\/button><\/h3>\n\n\n\n<div inert aria-labelledby=\"accordion-item-4\" data-wp-bind--inert=\"!state.isOpen\" id=\"accordion-item-4-panel\" role=\"region\" class=\"wp-block-accordion-panel is-layout-flow wp-block-accordion-panel-is-layout-flow\">\n<ul class=\"wp-block-list\">\n<li>planification fiscale de la cr\u00e9ation de la soci\u00e9t\u00e9, de la structuration du capital-actions, des augmentations du capital-actions, des tours de financement et de la vente (exit)<\/li>\n\n\n\n<li>planification fiscale lors de restructurations (transformation, fusion, scission etc.)<\/li>\n\n\n\n<li>analyse fiscale des relations intra-groupes (prix de transfert), des risques fiscaux (tous imp\u00f4ts) et proposition de solutions<\/li>\n\n\n\n<li>constitution de structures holding<\/li>\n\n\n\n<li>conseil fiscal lors d\u2019assainissement de soci\u00e9t\u00e9s<\/li>\n\n\n\n<li>conseil fiscal lors de l\u2019acquisition ou la vente de soci\u00e9t\u00e9s (<em>due diligence<\/em> vendeur ou acheteur)<\/li>\n\n\n\n<li>optimisation du bouclement comptable annuel et assistance \u00e0 l\u2019\u00e9tablissement des d\u00e9clarations fiscales de la soci\u00e9t\u00e9<\/li>\n\n\n\n<li>assistance fiscale lors de la liquidation de soci\u00e9t\u00e9s<\/li>\n<\/ul>\n<\/div>\n<\/div>\n<\/div>\n\n\n\n<div data-wp-context=\"{ &quot;autoclose&quot;: false, &quot;accordionItems&quot;: [] }\" data-wp-interactive=\"core\/accordion\" role=\"group\" class=\"wp-block-accordion is-layout-flow wp-block-accordion-is-layout-flow\">\n<div data-wp-class--is-open=\"state.isOpen\" data-wp-context=\"{ &quot;id&quot;: &quot;accordion-item-5&quot;, &quot;openByDefault&quot;: false }\" data-wp-init=\"callbacks.initAccordionItems\" data-wp-on-window--hashchange=\"callbacks.hashChange\" class=\"wp-block-accordion-item is-layout-flow wp-block-accordion-item-is-layout-flow\">\n<h3 class=\"wp-block-accordion-heading\"><button aria-expanded=\"false\" aria-controls=\"accordion-item-5-panel\" data-wp-bind--aria-expanded=\"state.isOpen\" data-wp-on--click=\"actions.toggle\" data-wp-on--keydown=\"actions.handleKeyDown\" id=\"accordion-item-5\" type=\"button\" class=\"wp-block-accordion-heading__toggle\"><span class=\"wp-block-accordion-heading__toggle-title\">conseil fiscal pour permettre le <em>closing<\/em><\/span><span class=\"wp-block-accordion-heading__toggle-icon\" aria-hidden=\"true\">+<\/span><\/button><\/h3>\n\n\n\n<div inert aria-labelledby=\"accordion-item-5\" data-wp-bind--inert=\"!state.isOpen\" id=\"accordion-item-5-panel\" role=\"region\" class=\"wp-block-accordion-panel is-layout-flow wp-block-accordion-panel-is-layout-flow\">\n<ul class=\"wp-block-list\">\n<li>analyse de la situation du prospect du banquier, proposition de restructurations patrimoniales ou de structuration d\u2019investissements, formation du banquier en vue de d\u00e9crocher le mandat<\/li>\n\n\n\n<li>analyse des comptes de la soci\u00e9t\u00e9 immobili\u00e8re, formation du courtier immobilier pour sensibiliser son client aux diff\u00e9rences de prix entre la vente des actions de la soci\u00e9t\u00e9 immobili\u00e8re et la vente de l\u2019immeuble<\/li>\n\n\n\n<li>formation du courtier en cession d\u2019entreprise sur les risques fiscaux usuels en vue de d\u00e9crocher le mandat, <em>due diligence<\/em> vendeur pour permettre au courtier de sensibiliser le vendeur sur la fluctuation de prix<\/li>\n<\/ul>\n<\/div>\n<\/div>\n<\/div>\n\n\n\n<div data-wp-context=\"{ &quot;autoclose&quot;: false, &quot;accordionItems&quot;: [] }\" data-wp-interactive=\"core\/accordion\" role=\"group\" class=\"wp-block-accordion is-layout-flow wp-block-accordion-is-layout-flow\">\n<div data-wp-class--is-open=\"state.isOpen\" data-wp-context=\"{ &quot;id&quot;: &quot;accordion-item-6&quot;, &quot;openByDefault&quot;: false }\" data-wp-init=\"callbacks.initAccordionItems\" data-wp-on-window--hashchange=\"callbacks.hashChange\" class=\"wp-block-accordion-item is-layout-flow wp-block-accordion-item-is-layout-flow\">\n<h3 class=\"wp-block-accordion-heading\"><button aria-expanded=\"false\" aria-controls=\"accordion-item-6-panel\" data-wp-bind--aria-expanded=\"state.isOpen\" data-wp-on--click=\"actions.toggle\" data-wp-on--keydown=\"actions.handleKeyDown\" id=\"accordion-item-6\" type=\"button\" class=\"wp-block-accordion-heading__toggle\"><span class=\"wp-block-accordion-heading__toggle-title\">d\u00e9clarations fiscales et contentieux fiscal<\/span><span class=\"wp-block-accordion-heading__toggle-icon\" aria-hidden=\"true\">+<\/span><\/button><\/h3>\n\n\n\n<div inert aria-labelledby=\"accordion-item-6\" data-wp-bind--inert=\"!state.isOpen\" id=\"accordion-item-6-panel\" role=\"region\" class=\"wp-block-accordion-panel is-layout-flow wp-block-accordion-panel-is-layout-flow\">\n<ul class=\"wp-block-list\">\n<li>\u00e9tablissements de d\u00e9clarations fiscales complexes avec r\u00e9partitions intercantonales et internationales<\/li>\n\n\n\n<li>n\u00e9gociation avec les autorit\u00e9s fiscales, notamment de <em>rulings<\/em> fiscaux<\/li>\n\n\n\n<li>accompagnement lors d\u2019audits fiscaux<\/li>\n\n\n\n<li>d\u00e9fense du contribuable devant les autorit\u00e9s fiscales cantonales et f\u00e9d\u00e9rales ou les autorit\u00e9s parafiscales (notamment commission d\u2019estimation fiscale en mati\u00e8re immobili\u00e8re) et devant les tribunaux<\/li>\n\n\n\n<li>d\u00e9nonciations spontan\u00e9es<\/li>\n<\/ul>\n<\/div>\n<\/div>\n<\/div>\n\n\n\n<p><\/p>","protected":false},"excerpt":{"rendered":"<p>L&rsquo;\u00e9tude offre une large gamme de service dans le domaine de la fiscalit\u00e9.<\/p>","protected":false},"author":3,"featured_media":0,"parent":0,"menu_order":0,"comment_status":"closed","ping_status":"closed","template":"","meta":{"_acf_changed":false,"footnotes":""},"class_list":["post-62","page","type-page","status-publish","hentry"],"acf":[],"_links":{"self":[{"href":"https:\/\/dlctax.ch\/de\/wp-json\/wp\/v2\/pages\/62","targetHints":{"allow":["GET"]}}],"collection":[{"href":"https:\/\/dlctax.ch\/de\/wp-json\/wp\/v2\/pages"}],"about":[{"href":"https:\/\/dlctax.ch\/de\/wp-json\/wp\/v2\/types\/page"}],"author":[{"embeddable":true,"href":"https:\/\/dlctax.ch\/de\/wp-json\/wp\/v2\/users\/3"}],"replies":[{"embeddable":true,"href":"https:\/\/dlctax.ch\/de\/wp-json\/wp\/v2\/comments?post=62"}],"version-history":[{"count":23,"href":"https:\/\/dlctax.ch\/de\/wp-json\/wp\/v2\/pages\/62\/revisions"}],"predecessor-version":[{"id":409,"href":"https:\/\/dlctax.ch\/de\/wp-json\/wp\/v2\/pages\/62\/revisions\/409"}],"wp:attachment":[{"href":"https:\/\/dlctax.ch\/de\/wp-json\/wp\/v2\/media?parent=62"}],"curies":[{"name":"wp","href":"https:\/\/api.w.org\/{rel}","templated":true}]}}