{"id":10,"date":"2022-05-10T10:24:44","date_gmt":"2022-05-10T08:24:44","guid":{"rendered":"http:\/\/de-le-court.local\/?page_id=10"},"modified":"2026-04-01T10:09:00","modified_gmt":"2026-04-01T08:09:00","slug":"accueil","status":"publish","type":"page","link":"https:\/\/dlctax.ch\/de\/","title":{"rendered":"Ihre Steuern, ein Verm\u00f6genswert, der verwaltet werden muss"},"content":{"rendered":"<p>Welche steuerliche L\u00f6sung passt am besten zu Ihrer Situation?<\/p>\n\n\n\n<p>Warum eine Steuer zahlen, die nicht geschuldet wird: Seit fast 20 Jahren besch\u00e4ftigt diese \u00dcberlegung unser Tun als Experte f\u00fcr Steuerrecht.<\/p>\n\n\n\n<p>Bei uns finden Sie ein offenes Ohr und ma\u00dfgeschneiderte L\u00f6sungen f\u00fcr Ihre Bed\u00fcrfnisse, auch die komplexesten.<\/p>\n\n\n\n<p>Ihr Interesse steht im Mittelpunkt unseres Gesch\u00e4fts. <\/p>","protected":false},"excerpt":{"rendered":"<p>Quelle est la solution fiscale la plus adapt\u00e9e \u00e0 votre situation? Pourquoi payer un imp\u00f4t qui n&rsquo;est pas d\u00fb : depuis pr\u00e8s de 20 ans, cette r\u00e9flexion nourrit notre activit\u00e9 d&rsquo;expert du droit fiscal. Vous trouverez chez nous une \u00e9coute et des solutions sur mesure, r\u00e9pondant \u00e0 vos besoins m\u00eame les plus complexes. Votre int\u00e9r\u00eat [&hellip;]<\/p>\n","protected":false},"author":1,"featured_media":73,"parent":0,"menu_order":0,"comment_status":"closed","ping_status":"closed","template":"","meta":{"_acf_changed":false,"footnotes":""},"class_list":["post-10","page","type-page","status-publish","has-post-thumbnail","hentry"],"acf":[],"_links":{"self":[{"href":"https:\/\/dlctax.ch\/de\/wp-json\/wp\/v2\/pages\/10","targetHints":{"allow":["GET"]}}],"collection":[{"href":"https:\/\/dlctax.ch\/de\/wp-json\/wp\/v2\/pages"}],"about":[{"href":"https:\/\/dlctax.ch\/de\/wp-json\/wp\/v2\/types\/page"}],"author":[{"embeddable":true,"href":"https:\/\/dlctax.ch\/de\/wp-json\/wp\/v2\/users\/1"}],"replies":[{"embeddable":true,"href":"https:\/\/dlctax.ch\/de\/wp-json\/wp\/v2\/comments?post=10"}],"version-history":[{"count":9,"href":"https:\/\/dlctax.ch\/de\/wp-json\/wp\/v2\/pages\/10\/revisions"}],"predecessor-version":[{"id":79,"href":"https:\/\/dlctax.ch\/de\/wp-json\/wp\/v2\/pages\/10\/revisions\/79"}],"wp:featuredmedia":[{"embeddable":true,"href":"https:\/\/dlctax.ch\/de\/wp-json\/wp\/v2\/media\/73"}],"wp:attachment":[{"href":"https:\/\/dlctax.ch\/de\/wp-json\/wp\/v2\/media?parent=10"}],"curies":[{"name":"wp","href":"https:\/\/api.w.org\/{rel}","templated":true}]}}